{"id":209,"date":"2019-04-10T12:18:09","date_gmt":"2019-04-10T10:18:09","guid":{"rendered":"http:\/\/dev.marsch.hsv-wien.at\/?page_id=209"},"modified":"2025-02-05T16:42:10","modified_gmt":"2025-02-05T15:42:10","slug":"mitgliedschaft","status":"publish","type":"page","link":"https:\/\/marsch.hsv-wien.at\/index.php\/mitgliedschaft\/","title":{"rendered":"Mitgliedschaft"},"content":{"rendered":"\n<p><strong>Trainingsorte:<\/strong> <br>Wander- und Marschstrecken in \u00d6sterreich, Europa und am gesamten Globus<\/p>\n\n\n\n<p><strong>Veranstaltungen:<\/strong> <br>Marc Aurel Marschtage, sowie j\u00e4hrlich mindestens vier Sektionsabende<\/p>\n\n\n<p><strong>Teilnahme an M\u00e4rschen:<\/strong><\/p>\n<ul>\n<li>Hainburgmarsch 12.04.25<\/li>\n<li>Ostarrichimarsch 24.\/25.04.25<\/li>\n<li>Berner 2 Tagesmarsch 31.05.\/01.06.25<\/li>\n<li>4 Tagesmarsch von Nijmegen 15.07.\/18.07.25<\/li>\n<li>2 Tages Marc Aurel Marsch 28.08.\/29.08.25<\/li>\n<li>sowie weitere Leistungsm\u00e4rsche im Ausland (nach Anfrage &amp; Bedarf)<\/li>\n<\/ul>\n<p><strong>Aktueller Mitgliederstand:<\/strong> 116<\/p>\n\n\n<p><strong>Mitgliedsbeitrag:<\/strong> 25 Euro \/ Jahr<\/p>\n\n\n\n<p><a rel=\"noreferrer noopener\" aria-label=\"Download Mitgliedsformular (\u00f6ffnet in neuem Tab)\" href=\"https:\/\/marsch.hsv-wien.at\/wp-content\/uploads\/2019\/04\/Beitrittserklaerung.pdf\" target=\"_blank\">Download Beitrittserkl\u00e4rung<\/a><br><\/p>\n","protected":false},"excerpt":{"rendered":"<p>Trainingsorte: Wander- und Marschstrecken in \u00d6sterreich, Europa und am gesamten Globus Veranstaltungen: Marc Aurel Marschtage, sowie j\u00e4hrlich mindestens vier Sektionsabende Teilnahme an M\u00e4rschen: Hainburgmarsch 12.04.25 Ostarrichimarsch 24.\/25.04.25 Berner 2 Tagesmarsch 31.05.\/01.06.25 4 Tagesmarsch von Nijmegen 15.07.\/18.07.25 2 Tages Marc Aurel Marsch 28.08.\/29.08.25 sowie weitere Leistungsm\u00e4rsche im Ausland (nach Anfrage &amp; Bedarf) Aktueller Mitgliederstand: 116 Mitgliedsbeitrag: &#8230; <a title=\"Mitgliedschaft\" class=\"read-more\" href=\"https:\/\/marsch.hsv-wien.at\/index.php\/mitgliedschaft\/\" aria-label=\"Mehr Informationen \u00fcber Mitgliedschaft\">Weiterlesen<\/a><\/p>\n","protected":false},"author":2,"featured_media":0,"parent":0,"menu_order":0,"comment_status":"closed","ping_status":"closed","template":"","meta":{"footnotes":""},"class_list":["post-209","page","type-page","status-publish"],"_links":{"self":[{"href":"https:\/\/marsch.hsv-wien.at\/index.php\/wp-json\/wp\/v2\/pages\/209","targetHints":{"allow":["GET"]}}],"collection":[{"href":"https:\/\/marsch.hsv-wien.at\/index.php\/wp-json\/wp\/v2\/pages"}],"about":[{"href":"https:\/\/marsch.hsv-wien.at\/index.php\/wp-json\/wp\/v2\/types\/page"}],"author":[{"embeddable":true,"href":"https:\/\/marsch.hsv-wien.at\/index.php\/wp-json\/wp\/v2\/users\/2"}],"replies":[{"embeddable":true,"href":"https:\/\/marsch.hsv-wien.at\/index.php\/wp-json\/wp\/v2\/comments?post=209"}],"version-history":[{"count":9,"href":"https:\/\/marsch.hsv-wien.at\/index.php\/wp-json\/wp\/v2\/pages\/209\/revisions"}],"predecessor-version":[{"id":1191,"href":"https:\/\/marsch.hsv-wien.at\/index.php\/wp-json\/wp\/v2\/pages\/209\/revisions\/1191"}],"wp:attachment":[{"href":"https:\/\/marsch.hsv-wien.at\/index.php\/wp-json\/wp\/v2\/media?parent=209"}],"curies":[{"name":"wp","href":"https:\/\/api.w.org\/{rel}","templated":true}]}}